{"id":3012,"date":"2020-08-20T21:05:35","date_gmt":"2020-08-20T21:05:35","guid":{"rendered":"https:\/\/www.ipgrupo.com\/pt\/?page_id=3012"},"modified":"2024-08-06T02:18:33","modified_gmt":"2024-08-06T02:18:33","slug":"midia","status":"publish","type":"page","link":"https:\/\/www.ipgrupo.com\/pt\/midia\/","title":{"rendered":"M\u00cdDIA"},"content":{"rendered":"<p>[et_pb_section fb_built=&#8221;1&#8243; _builder_version=&#8221;4.27.0&#8243; _module_preset=&#8221;default&#8221; saved_tabs=&#8221;all&#8221; locked=&#8221;off&#8221; global_colors_info=&#8221;{}&#8221; global_module=&#8221;6624&#8243; theme_builder_area=&#8221;post_content&#8221; background_color=&#8221;#323232&#8243;][et_pb_row custom_padding_last_edited=&#8221;on|phone&#8221; _builder_version=&#8221;4.27.0&#8243; background_enable_video_mp4=&#8221;off&#8221; background_enable_video_webm=&#8221;off&#8221; max_width=&#8221;1920px&#8221; custom_padding=&#8221;0px||0px||true|false&#8221; custom_padding_tablet=&#8221;150px||150px||true|false&#8221; custom_padding_phone=&#8221;85px||85px||true|false&#8221; locked=&#8221;off&#8221; global_colors_info=&#8221;{}&#8221; theme_builder_area=&#8221;post_content&#8221;][et_pb_column type=&#8221;4_4&#8243; _builder_version=&#8221;4.27.0&#8243; background_enable_color=&#8221;off&#8221; background_enable_video_mp4=&#8221;off&#8221; global_colors_info=&#8221;{}&#8221; theme_builder_area=&#8221;post_content&#8221;][et_pb_text _builder_version=&#8221;4.25.1&#8243; text_text_color=&#8221;#FFFFFF&#8221; header_2_text_align=&#8221;center&#8221; header_2_text_color=&#8221;#ab273f&#8221; header_2_font_size=&#8221;32px&#8221; header_2_letter_spacing=&#8221;1px&#8221; header_2_line_height=&#8221;1.2em&#8221; header_3_font_size=&#8221;24px&#8221; header_3_line_height=&#8221;1.5em&#8221; background_enable_color=&#8221;off&#8221; text_orientation=&#8221;center&#8221; max_width=&#8221;800px&#8221; module_alignment=&#8221;center&#8221; custom_margin=&#8221;||||true|false&#8221; custom_margin_tablet=&#8221;0px||0px||false|false&#8221; custom_margin_phone=&#8221;0px|||0px|false|false&#8221; custom_margin_last_edited=&#8221;on|phone&#8221; custom_padding=&#8221;3%||3%||true|true&#8221; custom_padding_tablet=&#8221;52px|7%|52px|7%|true|true&#8221; custom_padding_phone=&#8221;|15px||15px|true|true&#8221; custom_padding_last_edited=&#8221;on|tablet&#8221; header_2_font_size_tablet=&#8221;35px&#8221; header_2_font_size_phone=&#8221;28px&#8221; header_2_font_size_last_edited=&#8221;on|phone&#8221; header_3_font_size_tablet=&#8221;22px&#8221; header_3_font_size_phone=&#8221;18px&#8221; header_3_font_size_last_edited=&#8221;on|phone&#8221; locked=&#8221;off&#8221; global_colors_info=&#8221;{}&#8221; theme_builder_area=&#8221;post_content&#8221;]<\/p>\n<h2><strong>CUSTOMER STORIES<\/strong><\/h2>\n<p><span>Conhe\u00e7a nossos cases de sucesso e como, junto com nossos clientes, conseguimos transformar sua produ\u00e7\u00e3o, levando as empresas ao pr\u00f3ximo n\u00edvel!<\/span>[\/et_pb_text][\/et_pb_column][\/et_pb_row][et_pb_row column_structure=&#8221;1_2,1_2&#8243; _builder_version=&#8221;4.27.0&#8243; _module_preset=&#8221;default&#8221; custom_padding=&#8221;0px||0px||true|false&#8221; global_colors_info=&#8221;{}&#8221; theme_builder_area=&#8221;post_content&#8221;][et_pb_column type=&#8221;1_2&#8243; _builder_version=&#8221;4.27.0&#8243; _module_preset=&#8221;default&#8221; global_colors_info=&#8221;{}&#8221; theme_builder_area=&#8221;post_content&#8221;][et_pb_video src=&#8221;https:\/\/www.youtube.com\/watch?v=4mnVTIKRnYY&#8221; image_src=&#8221;https:\/\/www.ipgrupo.com\/pt\/wp-content\/uploads\/2024\/08\/customer-story.jpg&#8221; play_icon_color=&#8221;#fc0200&#8243; _builder_version=&#8221;4.27.0&#8243; _module_preset=&#8221;default&#8221; global_colors_info=&#8221;{}&#8221; theme_builder_area=&#8221;post_content&#8221;][\/et_pb_video][et_pb_video src=&#8221;https:\/\/www.youtube.com\/watch?v=q1f8rTKdsvc&#038;ab_channel=IPGrupo&#8221; _builder_version=&#8221;4.27.0&#8243; _module_preset=&#8221;default&#8221; global_colors_info=&#8221;{}&#8221; theme_builder_area=&#8221;post_content&#8221;][\/et_pb_video][\/et_pb_column][et_pb_column type=&#8221;1_2&#8243; _builder_version=&#8221;4.27.0&#8243; _module_preset=&#8221;default&#8221; global_colors_info=&#8221;{}&#8221; theme_builder_area=&#8221;post_content&#8221;][et_pb_video src=&#8221;https:\/\/www.youtube.com\/watch?v=86XqR8dgHac&#038;t=2s&#038;ab_channel=IPGrupo&#8221; _builder_version=&#8221;4.27.0&#8243; _module_preset=&#8221;default&#8221; global_colors_info=&#8221;{}&#8221; theme_builder_area=&#8221;post_content&#8221;][\/et_pb_video][\/et_pb_column][\/et_pb_row][\/et_pb_section][et_pb_section fb_built=&#8221;1&#8243; disabled_on=&#8221;off|off|off&#8221; _builder_version=&#8221;4.16&#8243; background_image=&#8221;https:\/\/www.ipgrupo.com\/pt\/wp-content\/uploads\/2020\/07\/maquinas-procesamiento-acero-ip-grupo-proceso-fondo-evento.jpg&#8221; custom_margin=&#8221;0px||0px||true|false&#8221; custom_padding=&#8221;40px||0px||false|false&#8221; locked=&#8221;off&#8221; global_colors_info=&#8221;{}&#8221;][et_pb_row _builder_version=&#8221;4.16&#8243; global_colors_info=&#8221;{}&#8221;][et_pb_column type=&#8221;4_4&#8243; _builder_version=&#8221;4.16&#8243; global_colors_info=&#8221;{}&#8221;][et_pb_text disabled_on=&#8221;off|off|off&#8221; _builder_version=&#8221;4.16&#8243; header_2_text_color=&#8221;#ffffff&#8221; header_2_font_size=&#8221;40px&#8221; header_2_letter_spacing=&#8221;1px&#8221; header_2_line_height=&#8221;1.2em&#8221; header_3_text_color=&#8221;#ffffff&#8221; header_3_font_size=&#8221;24px&#8221; header_3_line_height=&#8221;1.5em&#8221; background_layout=&#8221;dark&#8221; max_width=&#8221;900px&#8221; max_width_tablet=&#8221;&#8221; max_width_phone=&#8221;&#8221; max_width_last_edited=&#8221;on|phone&#8221; module_alignment=&#8221;center&#8221; header_2_font_size_tablet=&#8221;35px&#8221; header_2_font_size_phone=&#8221;28px&#8221; header_2_font_size_last_edited=&#8221;on|phone&#8221; header_3_font_size_tablet=&#8221;22px&#8221; header_3_font_size_phone=&#8221;18px&#8221; header_3_font_size_last_edited=&#8221;on|phone&#8221; global_colors_info=&#8221;{}&#8221;]<\/p>\n<h2 style=\"text-align: center;\"><strong>Eventos<\/strong><\/h2>\n<p style=\"text-align: center;\">Convidamos voc\u00ea a saber mais sobre nossas atividades e eventos. N\u00e3o perca a oportunidade de assistir e participar das exposi\u00e7\u00f5es e feiras juntamente com a IP Grupo.<\/p>\n<p>[\/et_pb_text][et_pb_post_slider include_categories=&#8221;3&#8243; more_text=&#8221;Ler mais&#8221; show_meta=&#8221;off&#8221; image_placement=&#8221;left&#8221; _builder_version=&#8221;4.16&#8243; header_font=&#8221;|600|||||||&#8221; header_font_size=&#8221;36px&#8221; body_font_size=&#8221;15px&#8221; body_line_height=&#8221;1.8em&#8221; background_color=&#8221;rgba(0,0,0,0)&#8221; custom_button=&#8221;on&#8221; button_text_size=&#8221;19px&#8221; button_bg_color=&#8221;#ab273f&#8221; button_border_width=&#8221;0px&#8221; button_font=&#8221;Rubik||||||||&#8221; custom_margin=&#8221;0px||0px||true|false&#8221; custom_padding=&#8221;99px||99px||true|false&#8221; header_font_size_tablet=&#8221;28px&#8221; header_font_size_phone=&#8221;22px&#8221; header_font_size_last_edited=&#8221;on|phone&#8221; button_text_size_tablet=&#8221;18px&#8221; button_text_size_phone=&#8221;17px&#8221; button_text_size_last_edited=&#8221;on|desktop&#8221; global_colors_info=&#8221;{}&#8221;][\/et_pb_post_slider][\/et_pb_column][\/et_pb_row][\/et_pb_section][et_pb_section fb_built=&#8221;1&#8243; disabled_on=&#8221;on|on|on&#8221; _builder_version=&#8221;4.25.1&#8243; background_color=&#8221;rgba(0,0,0,0)&#8221; background_enable_image=&#8221;off&#8221; custom_margin=&#8221;0px||0px||true|false&#8221; custom_padding=&#8221;40px||0px||false|false&#8221; disabled=&#8221;on&#8221; locked=&#8221;off&#8221; global_colors_info=&#8221;{}&#8221;][et_pb_row _builder_version=&#8221;4.16&#8243; global_colors_info=&#8221;{}&#8221;][et_pb_column type=&#8221;4_4&#8243; _builder_version=&#8221;4.16&#8243; global_colors_info=&#8221;{}&#8221;][et_pb_text _builder_version=&#8221;4.16&#8243; header_2_text_color=&#8221;#ffffff&#8221; header_2_font_size=&#8221;40px&#8221; header_2_letter_spacing=&#8221;1px&#8221; header_2_line_height=&#8221;1.2em&#8221; header_3_text_color=&#8221;#ffffff&#8221; header_3_font_size=&#8221;24px&#8221; header_3_line_height=&#8221;1.5em&#8221; background_layout=&#8221;dark&#8221; max_width=&#8221;900px&#8221; max_width_tablet=&#8221;&#8221; max_width_phone=&#8221;&#8221; max_width_last_edited=&#8221;on|phone&#8221; module_alignment=&#8221;center&#8221; header_2_font_size_tablet=&#8221;35px&#8221; header_2_font_size_phone=&#8221;28px&#8221; header_2_font_size_last_edited=&#8221;on|phone&#8221; header_3_font_size_tablet=&#8221;22px&#8221; header_3_font_size_phone=&#8221;18px&#8221; header_3_font_size_last_edited=&#8221;on|phone&#8221; global_colors_info=&#8221;{}&#8221;]<\/p>\n<h2 style=\"text-align: center;\"><strong>NOVIDADES<\/strong><\/h2>\n<p style=\"text-align: center;\">Mantenha-se atualizado e descubra os eventos mais relevantes da ind\u00fastria sider\u00fargica, bem como as inova\u00e7\u00f5es tecnol\u00f3gicas para levar seu neg\u00f3cio ao topo do setor sider\u00fargico.<\/p>\n<p>[\/et_pb_text][et_pb_blog fullwidth=&#8221;off&#8221; posts_number=&#8221;8&#8243; include_categories=&#8221;4&#8243; excerpt_length=&#8221;100&#8243; show_author=&#8221;off&#8221; show_date=&#8221;off&#8221; show_categories=&#8221;off&#8221; masonry_tile_background_color=&#8221;rgba(0,0,0,0)&#8221; _builder_version=&#8221;4.18.0&#8243; header_font=&#8221;|700|||||||&#8221; header_text_color=&#8221;#ab273f&#8221; body_text_color=&#8221;#ffffff&#8221; body_font_size=&#8221;15px&#8221; body_line_height=&#8221;1.5em&#8221; meta_text_color=&#8221;#ffffff&#8221; read_more_text_color=&#8221;#ffffff&#8221; text_orientation=&#8221;center&#8221; border_width_all=&#8221;0px&#8221; global_colors_info=&#8221;{}&#8221;][\/et_pb_blog][\/et_pb_column][\/et_pb_row][\/et_pb_section]<\/p>\n","protected":false},"excerpt":{"rendered":"<p>CUSTOMER STORIES Conhe\u00e7a nossos cases de sucesso e como, junto com nossos clientes, conseguimos transformar sua produ\u00e7\u00e3o, levando as empresas ao pr\u00f3ximo n\u00edvel!Eventos Convidamos voc\u00ea a saber mais sobre nossas atividades e eventos. N\u00e3o perca a oportunidade de assistir e participar das exposi\u00e7\u00f5es e feiras juntamente com a IP Grupo.NOVIDADES Mantenha-se atualizado e descubra os&hellip;<\/p>\n","protected":false},"author":1,"featured_media":0,"parent":0,"menu_order":0,"comment_status":"closed","ping_status":"closed","template":"","meta":{"_et_pb_use_builder":"on","_et_pb_old_content":"","_et_gb_content_width":"","footnotes":""},"class_list":["post-3012","page","type-page","status-publish","hentry"],"yoast_head":"<!-- This site is optimized with the Yoast SEO plugin v27.3 - https:\/\/yoast.com\/product\/yoast-seo-wordpress\/ -->\n<title>M\u00cdDIA - IP GRUPO<\/title>\n<meta name=\"robots\" content=\"index, follow, max-snippet:-1, max-image-preview:large, max-video-preview:-1\" \/>\n<link rel=\"canonical\" href=\"https:\/\/www.ipgrupo.com\/pt\/midia\/\" \/>\n<meta property=\"og:locale\" content=\"pt_PT\" \/>\n<meta property=\"og:type\" content=\"article\" \/>\n<meta property=\"og:title\" content=\"M\u00cdDIA - IP GRUPO\" \/>\n<meta property=\"og:description\" content=\"CUSTOMER STORIES Conhe\u00e7a nossos cases de sucesso e como, junto com nossos clientes, conseguimos transformar sua produ\u00e7\u00e3o, levando as empresas ao pr\u00f3ximo n\u00edvel!Eventos Convidamos voc\u00ea a saber mais sobre nossas atividades e eventos. N\u00e3o perca a oportunidade de assistir e participar das exposi\u00e7\u00f5es e feiras juntamente com a IP Grupo.NOVIDADES Mantenha-se atualizado e descubra os&hellip;\" \/>\n<meta property=\"og:url\" content=\"https:\/\/www.ipgrupo.com\/pt\/midia\/\" \/>\n<meta property=\"og:site_name\" content=\"IP GRUPO\" \/>\n<meta property=\"article:modified_time\" content=\"2024-08-06T02:18:33+00:00\" \/>\n<meta name=\"twitter:card\" content=\"summary_large_image\" \/>\n<meta name=\"twitter:label1\" content=\"Tempo estimado de leitura\" \/>\n\t<meta name=\"twitter:data1\" content=\"5 minutos\" \/>\n<script type=\"application\/ld+json\" class=\"yoast-schema-graph\">{\"@context\":\"https:\\\/\\\/schema.org\",\"@graph\":[{\"@type\":\"WebPage\",\"@id\":\"https:\\\/\\\/www.ipgrupo.com\\\/pt\\\/midia\\\/\",\"url\":\"https:\\\/\\\/www.ipgrupo.com\\\/pt\\\/midia\\\/\",\"name\":\"M\u00cdDIA - IP GRUPO\",\"isPartOf\":{\"@id\":\"https:\\\/\\\/www.ipgrupo.com\\\/pt\\\/#website\"},\"datePublished\":\"2020-08-20T21:05:35+00:00\",\"dateModified\":\"2024-08-06T02:18:33+00:00\",\"breadcrumb\":{\"@id\":\"https:\\\/\\\/www.ipgrupo.com\\\/pt\\\/midia\\\/#breadcrumb\"},\"inLanguage\":\"pt-PT\",\"potentialAction\":[{\"@type\":\"ReadAction\",\"target\":[\"https:\\\/\\\/www.ipgrupo.com\\\/pt\\\/midia\\\/\"]}]},{\"@type\":\"BreadcrumbList\",\"@id\":\"https:\\\/\\\/www.ipgrupo.com\\\/pt\\\/midia\\\/#breadcrumb\",\"itemListElement\":[{\"@type\":\"ListItem\",\"position\":1,\"name\":\"Portada\",\"item\":\"https:\\\/\\\/www.ipgrupo.com\\\/pt\\\/\"},{\"@type\":\"ListItem\",\"position\":2,\"name\":\"M\u00cdDIA\"}]},{\"@type\":\"WebSite\",\"@id\":\"https:\\\/\\\/www.ipgrupo.com\\\/pt\\\/#website\",\"url\":\"https:\\\/\\\/www.ipgrupo.com\\\/pt\\\/\",\"name\":\"IP GRUPO\",\"description\":\"maquinas\",\"potentialAction\":[{\"@type\":\"SearchAction\",\"target\":{\"@type\":\"EntryPoint\",\"urlTemplate\":\"https:\\\/\\\/www.ipgrupo.com\\\/pt\\\/?s={search_term_string}\"},\"query-input\":{\"@type\":\"PropertyValueSpecification\",\"valueRequired\":true,\"valueName\":\"search_term_string\"}}],\"inLanguage\":\"pt-PT\"}]}<\/script>\n<!-- \/ Yoast SEO plugin. -->","yoast_head_json":{"title":"M\u00cdDIA - IP GRUPO","robots":{"index":"index","follow":"follow","max-snippet":"max-snippet:-1","max-image-preview":"max-image-preview:large","max-video-preview":"max-video-preview:-1"},"canonical":"https:\/\/www.ipgrupo.com\/pt\/midia\/","og_locale":"pt_PT","og_type":"article","og_title":"M\u00cdDIA - IP GRUPO","og_description":"CUSTOMER STORIES Conhe\u00e7a nossos cases de sucesso e como, junto com nossos clientes, conseguimos transformar sua produ\u00e7\u00e3o, levando as empresas ao pr\u00f3ximo n\u00edvel!Eventos Convidamos voc\u00ea a saber mais sobre nossas atividades e eventos. N\u00e3o perca a oportunidade de assistir e participar das exposi\u00e7\u00f5es e feiras juntamente com a IP Grupo.NOVIDADES Mantenha-se atualizado e descubra os&hellip;","og_url":"https:\/\/www.ipgrupo.com\/pt\/midia\/","og_site_name":"IP GRUPO","article_modified_time":"2024-08-06T02:18:33+00:00","twitter_card":"summary_large_image","twitter_misc":{"Tempo estimado de leitura":"5 minutos"},"schema":{"@context":"https:\/\/schema.org","@graph":[{"@type":"WebPage","@id":"https:\/\/www.ipgrupo.com\/pt\/midia\/","url":"https:\/\/www.ipgrupo.com\/pt\/midia\/","name":"M\u00cdDIA - IP GRUPO","isPartOf":{"@id":"https:\/\/www.ipgrupo.com\/pt\/#website"},"datePublished":"2020-08-20T21:05:35+00:00","dateModified":"2024-08-06T02:18:33+00:00","breadcrumb":{"@id":"https:\/\/www.ipgrupo.com\/pt\/midia\/#breadcrumb"},"inLanguage":"pt-PT","potentialAction":[{"@type":"ReadAction","target":["https:\/\/www.ipgrupo.com\/pt\/midia\/"]}]},{"@type":"BreadcrumbList","@id":"https:\/\/www.ipgrupo.com\/pt\/midia\/#breadcrumb","itemListElement":[{"@type":"ListItem","position":1,"name":"Portada","item":"https:\/\/www.ipgrupo.com\/pt\/"},{"@type":"ListItem","position":2,"name":"M\u00cdDIA"}]},{"@type":"WebSite","@id":"https:\/\/www.ipgrupo.com\/pt\/#website","url":"https:\/\/www.ipgrupo.com\/pt\/","name":"IP GRUPO","description":"maquinas","potentialAction":[{"@type":"SearchAction","target":{"@type":"EntryPoint","urlTemplate":"https:\/\/www.ipgrupo.com\/pt\/?s={search_term_string}"},"query-input":{"@type":"PropertyValueSpecification","valueRequired":true,"valueName":"search_term_string"}}],"inLanguage":"pt-PT"}]}},"_links":{"self":[{"href":"https:\/\/www.ipgrupo.com\/pt\/wp-json\/wp\/v2\/pages\/3012","targetHints":{"allow":["GET"]}}],"collection":[{"href":"https:\/\/www.ipgrupo.com\/pt\/wp-json\/wp\/v2\/pages"}],"about":[{"href":"https:\/\/www.ipgrupo.com\/pt\/wp-json\/wp\/v2\/types\/page"}],"author":[{"embeddable":true,"href":"https:\/\/www.ipgrupo.com\/pt\/wp-json\/wp\/v2\/users\/1"}],"replies":[{"embeddable":true,"href":"https:\/\/www.ipgrupo.com\/pt\/wp-json\/wp\/v2\/comments?post=3012"}],"version-history":[{"count":18,"href":"https:\/\/www.ipgrupo.com\/pt\/wp-json\/wp\/v2\/pages\/3012\/revisions"}],"predecessor-version":[{"id":6627,"href":"https:\/\/www.ipgrupo.com\/pt\/wp-json\/wp\/v2\/pages\/3012\/revisions\/6627"}],"wp:attachment":[{"href":"https:\/\/www.ipgrupo.com\/pt\/wp-json\/wp\/v2\/media?parent=3012"}],"curies":[{"name":"wp","href":"https:\/\/api.w.org\/{rel}","templated":true}]}}